{"id":6934,"date":"2021-05-25T00:52:58","date_gmt":"2021-05-25T00:52:58","guid":{"rendered":"http:\/\/colegioceten.com.br\/site\/?page_id=6934"},"modified":"2026-04-11T20:35:08","modified_gmt":"2026-04-11T20:35:08","slug":"inicio","status":"publish","type":"page","link":"https:\/\/colegioceten.com.br\/site\/","title":{"rendered":"In\u00edcio"},"content":{"rendered":"\t\t<div data-elementor-type=\"wp-page\" data-elementor-id=\"6934\" class=\"elementor elementor-6934\">\n\t\t\t\t<div class=\"elementor-element elementor-element-2c3009a9 e-con-full e-flex e-con e-parent\" data-id=\"2c3009a9\" data-element_type=\"container\" data-e-type=\"container\">\n\t\t<div class=\"elementor-element elementor-element-aa7194c e-con-full e-flex e-con e-child\" data-id=\"aa7194c\" data-element_type=\"container\" data-e-type=\"container\" data-settings=\"{&quot;background_background&quot;:&quot;video&quot;,&quot;background_video_link&quot;:&quot;https:\\\/\\\/youtu.be\\\/fMs9KhXC54E&quot;,&quot;background_play_on_mobile&quot;:&quot;yes&quot;}\">\n\t\t<div class=\"elementor-background-video-container\">\n\t\t\t\t\t\t\t<div class=\"elementor-background-video-embed\" role=\"presentation\"><\/div>\n\t\t\t\t\t\t<\/div>\t\t<\/div>\n\t\t\t\t<\/div>\n\t\t<div class=\"elementor-element elementor-element-6e30577 e-flex e-con-boxed e-con e-parent\" data-id=\"6e30577\" data-element_type=\"container\" data-e-type=\"container\">\n\t\t\t\t\t<div class=\"e-con-inner\">\n\t\t\t\t<div class=\"elementor-element elementor-element-e9c0b4f elementor-widget elementor-widget-text-editor\" data-id=\"e9c0b4f\" data-element_type=\"widget\" data-e-type=\"widget\" data-widget_type=\"text-editor.default\">\n\t\t\t\t\t\t\t\t\t<h1>Centro Educacional Tempo Novo<\/h1>\t\t\t\t\t\t\t\t<\/div>\n\t\t\t\t\t<\/div>\n\t\t\t\t<\/div>\n\t\t<div class=\"elementor-element elementor-element-02fcc3e e-flex e-con-boxed e-con e-parent\" data-id=\"02fcc3e\" data-element_type=\"container\" data-e-type=\"container\">\n\t\t\t\t\t<div class=\"e-con-inner\">\n\t\t\t\t<div class=\"elementor-element elementor-element-7a40ab6 elementor-widget elementor-widget-text-editor\" data-id=\"7a40ab6\" data-element_type=\"widget\" data-e-type=\"widget\" data-widget_type=\"text-editor.default\">\n\t\t\t\t\t\t\t\t\t<pre id=\"tw-target-text\" class=\"tw-data-text tw-text-large tw-ta\" dir=\"ltr\" tabindex=\"-1\" role=\"text\" data-placeholder=\"Tradu\u00e7\u00e3o\" data-ved=\"2ahUKEwjFx-qwrOWRAxVsLbkGHdDROwMQ3ewLegQIDBAW\" aria-label=\"Texto traduzido: Na Dixons Fazakerley Academy, estamos totalmente comprometidos em proporcionar a todos os alunos uma educa\u00e7\u00e3o de excel\u00eancia; uma educa\u00e7\u00e3o que amplie seus horizontes e maximize suas oportunidades para o futuro. Prometemos capacitar os alunos para que cumpram nossa miss\u00e3o de garantir que cada aluno tenha sucesso na universidade ou em uma alternativa significativa, prospere em uma carreira gratificante e tenha uma vida feliz e com prop\u00f3sito.\n\nA vida na Academia \u00e9 a personifica\u00e7\u00e3o de nossos valores de determina\u00e7\u00e3o, integridade e respeito. Eles fundamentam nosso dia letivo estendido, o ensino conduzido pelos professores e nossos h\u00e1bitos e rotinas de aprendizagem simples. Somos incans\u00e1veis \u200b\u200bem nosso trabalho com alunos e fam\u00edlias, pois nossas expectativas s\u00e3o incrivelmente altas e isso exige dedica\u00e7\u00e3o e apoio de todos os membros de nossa comunidade escolar. Trabalhamos duro, respeitamos todos ao nosso redor e buscamos fazer o bem sendo a melhor vers\u00e3o de n\u00f3s mesmos, melhorando assim o mundo em que vivemos por meio de nossos esfor\u00e7os.\n\nTemos vagas dispon\u00edveis para o 7\u00ba ano em setembro de 2025. Saiba mais aqui.\n\nVoc\u00ea pode ouvir a mensagem semanal mais recente do nosso diretor, Nick Hughes, aqui.\n\nEspero que voc\u00ea ache nosso site \u00fatil e, por favor, n\u00e3o hesite em nos contatar caso precisemos de alguma ajuda.\n\nNick Hughes,\"><span class=\"Y2IQFc\" lang=\"pt\">No CETEN, estamos totalmente comprometidos em proporcionar a todos os alunos uma educa\u00e7\u00e3o de excel\u00eancia; uma educa\u00e7\u00e3o que amplie seus horizontes e maximize suas oportunidades para o futuro. Prometemos capacitar os alunos para que cumpram nossa miss\u00e3o de garantir que cada aluno tenha sucesso na universidade ou em uma alternativa significativa, prospere em uma carreira gratificante e tenha uma vida feliz e com prop\u00f3sito.\n\nA vida na escola \u00e9 a personifica\u00e7\u00e3o de nossos valores de determina\u00e7\u00e3o, integridade e respeito. Eles fundamentam nosso dia letivo estendido, o ensino conduzido pelos professores e nossos h\u00e1bitos e rotinas de aprendizagem. Somos incans\u00e1veis \u200b\u200bem nosso trabalho com alunos e fam\u00edlias, pois nossas expectativas s\u00e3o incrivelmente altas e isso exige dedica\u00e7\u00e3o e apoio de todos os membros de nossa comunidade escolar. Trabalhamos duro, respeitamos todos ao nosso redor e buscamos fazer o bem sendo a melhor vers\u00e3o de n\u00f3s mesmos, melhorando assim o mundo em que vivemos por meio de nossos esfor\u00e7os.\n\nVoc\u00ea pode acompanhar todas as a\u00e7\u00f5es e novidades do CETEN, aqui.\n\nEspero que voc\u00ea ache nosso site \u00fatil e, por favor, n\u00e3o hesite em nos contatar caso precise de alguma ajuda.<\/span><\/pre>\t\t\t\t\t\t\t\t<\/div>\n\t\t\t\t\t<\/div>\n\t\t\t\t<\/div>\n\t\t\t\t<\/div>\n\t\t","protected":false},"excerpt":{"rendered":"<p>Centro Educacional Tempo Novo No CETEN, estamos totalmente comprometidos em proporcionar a todos os alunos uma educa\u00e7\u00e3o de excel\u00eancia; uma educa\u00e7\u00e3o que amplie seus horizontes e maximize suas oportunidades para o futuro. Prometemos capacitar os alunos para que cumpram nossa miss\u00e3o de garantir que cada aluno tenha sucesso na universidade ou em uma alternativa significativa, [&hellip;]<\/p>\n","protected":false},"author":1,"featured_media":0,"parent":0,"menu_order":0,"comment_status":"closed","ping_status":"closed","template":"elementor_header_footer","meta":{"footnotes":""},"class_list":["post-6934","page","type-page","status-publish","hentry"],"_links":{"self":[{"href":"https:\/\/colegioceten.com.br\/site\/wp-json\/wp\/v2\/pages\/6934","targetHints":{"allow":["GET"]}}],"collection":[{"href":"https:\/\/colegioceten.com.br\/site\/wp-json\/wp\/v2\/pages"}],"about":[{"href":"https:\/\/colegioceten.com.br\/site\/wp-json\/wp\/v2\/types\/page"}],"author":[{"embeddable":true,"href":"https:\/\/colegioceten.com.br\/site\/wp-json\/wp\/v2\/users\/1"}],"replies":[{"embeddable":true,"href":"https:\/\/colegioceten.com.br\/site\/wp-json\/wp\/v2\/comments?post=6934"}],"version-history":[{"count":128,"href":"https:\/\/colegioceten.com.br\/site\/wp-json\/wp\/v2\/pages\/6934\/revisions"}],"predecessor-version":[{"id":8310,"href":"https:\/\/colegioceten.com.br\/site\/wp-json\/wp\/v2\/pages\/6934\/revisions\/8310"}],"wp:attachment":[{"href":"https:\/\/colegioceten.com.br\/site\/wp-json\/wp\/v2\/media?parent=6934"}],"curies":[{"name":"wp","href":"https:\/\/api.w.org\/{rel}","templated":true}]}}